{"id":995,"date":"2018-01-10T12:16:54","date_gmt":"2018-01-10T11:16:54","guid":{"rendered":"http:\/\/zswielen.com.pl\/?page_id=995"},"modified":"2018-02-02T13:49:17","modified_gmt":"2018-02-02T12:49:17","slug":"zonkilowe-poola-nadziei","status":"publish","type":"page","link":"http:\/\/zswielen.com.pl\/index.php\/zonkilowe-poola-nadziei\/","title":{"rendered":"\u017bonkilowe pola nadziei"},"content":{"rendered":"<p>&nbsp;<\/p>\n<p><strong>HISTORIA P\u00d3L NADZIEI W POLSCE<\/strong><br \/>\n\u017bonkile s\u0105 mi\u0119dzynarodowym symbolem nadziei, przypominaj\u0105 nam o ludziach cierpi\u0105cych, oczekuj\u0105cych naszego towarzyszenia w trudnym okresie odchodzenia z tego \u015bwiata. Wiosn\u0105, kiedy kwitn\u0105 \u2013 zbieramy fundusze dla Hospicjum, w zamian za datek wr\u0119czaj\u0105c ofiarodawcom \u017conkilow\u0105 broszk\u0119.<\/p>\n<p>Pola Nadziei s\u0105 programem, kt\u00f3ry zosta\u0142 stworzony przez Organizacj\u0119 Charytatywn\u0105 Marie Curie Cancer Care w Wielkiej Brytanii. Ide\u0105 programu jest pozyskiwanie funduszy na utrzymanie hospicj\u00f3w w Wielkiej Brytanii, a tak\u017ce edukacja i uwra\u017cliwienie spo\u0142ecze\u0144stwa na los terminalnie chorego cz\u0142owieka. W 1998 roku Organizacja MCCC w Edynburgu obchodzi\u0142a swoje 50-lecie. Przygotowuj\u0105c si\u0119 do obchod\u00f3w tej uroczysto\u015bci maj\u0105c za patronk\u0119 Mari\u0119 Sk\u0142odowsk\u0105 Curie postanowi\u0142a zapozna\u0107 ze swoj\u0105 prac\u0105 jedno z polskich hospicj\u00f3w. Krak\u00f3w jest miastem bli\u017aniaczym z Edynburgiem, zatem Krak\u00f3w zosta\u0142 wybrany, jako miejsce polskiej edycji \u201cP\u00f3l Nadziei\u201d. Beneficjentem programu zosta\u0142o Towarzystwo Przyjaci\u00f3\u0142 Chorych \u201cHospicjum\u201d.<\/p>\n<p>Wiosn\u0105 1998 roku w parkach krakowskich zakwit\u0142y pierwsze polskie \u201cpola nadziei\u201d. 350 tys. \u017conkilowych cebulek oraz niezb\u0119dn\u0105 do przeprowadzenia akcji pomoc i wiedz\u0119 przekaza\u0142a Organizacja MCCC.<\/p>\n<p><strong>ZAKWIT\u0141Y \u017bONKILOWE POLA NADZIEI<\/strong><\/p>\n<p>Pod has\u0142em Jeana-Paula Sartre:\u00a0\u201eNadzieja jest najcenniejsz\u0105 towarzyszk\u0105 \u017cycia\u201d, \u00a0jesieni\u0105 zasadzili\u015bmy w r\u00f3\u017cnych miejscach\u00a0 cebulki \u017conkili, teraz nadszed\u0142 czas ich kwitnienia. S\u0105 \u00a0symbolem, \u017ce nie ma przestrzeni nie do pokonania. Je\u017celi cz\u0142owiek stanie przy cz\u0142owieku z otwartym sercem i wspieraj\u0105c\u0105 r\u0119k\u0105, to mo\u017ce dokona\u0107 si\u0119 rozw\u00f3j rado\u015bci i barwy u\u015bmiechu. \u201ePola Nadziei\u201d s\u0105 czym\u015b wi\u0119cej ni\u017c tylko piel\u0119gnowaniem zasadzonych \u017conkilowych kwiat\u00f3w, to zagospodarowanie przestrzeni wype\u0142niaj\u0105cych tysi\u0105ce ludzkich serc, w kt\u00f3rych kwitnie mi\u0142o\u015b\u0107, dobro i nadzieja dla drugiego cz\u0142owieka. W ka\u017cdym z nas jest potrzeba czynienia czego\u015b dobrego, zaanga\u017cowania si\u0119 w co\u015b wi\u0119cej ni\u017c tylko w prac\u0119, czy szko\u0142\u0119. Wszyscy mo\u017cemy pom\u00f3c, nie tylko lekarz, czy piel\u0119gniarka.<\/p>\n<p><strong>Wolontariusze z<\/strong> <strong>ZESP\u00d3\u0141U SZK\u00d3\u0141 W WIELENIU<\/strong> <strong>zbieraj\u0105 co roku datki na <\/strong><strong>Stowarzyszenie\u00a0\u00a0\u00a0\u00a0\u00a0\u00a0\u00a0\u00a0\u00a0\u00a0\u00a0\u00a0\u00a0\u00a0 im. ks. Jerzego Niwarda Musolffa w W\u0105growcu. <\/strong><\/p>\n<p><img loading=\"lazy\" decoding=\"async\" class=\"alignleft size-medium wp-image-996\" src=\"http:\/\/zswielen.com.pl\/wp-content\/uploads\/2018\/01\/pola1-267x300.jpg\" alt=\"\" width=\"267\" height=\"300\" srcset=\"http:\/\/zswielen.com.pl\/wp-content\/uploads\/2018\/01\/pola1.jpg 267w, http:\/\/zswielen.com.pl\/wp-content\/uploads\/2018\/01\/pola1-240x270.jpg 240w\" sizes=\"auto, (max-width: 267px) 100vw, 267px\" \/><\/p>\n<p>&nbsp;<\/p>\n","protected":false},"excerpt":{"rendered":"<p>&nbsp; HISTORIA P\u00d3L NADZIEI W POLSCE \u017bonkile s\u0105 mi\u0119dzynarodowym symbolem nadziei, przypominaj\u0105 nam o ludziach cierpi\u0105cych, oczekuj\u0105cych naszego towarzyszenia w trudnym okresie odchodzenia z tego \u015bwiata. Wiosn\u0105, kiedy kwitn\u0105 \u2013 zbieramy fundusze dla Hospicjum, w zamian za datek wr\u0119czaj\u0105c ofiarodawcom <a href=\"http:\/\/zswielen.com.pl\/index.php\/zonkilowe-poola-nadziei\/\" class=\"read-more\">Read More &#8230;<\/a><\/p>\n","protected":false},"author":1,"featured_media":0,"parent":0,"menu_order":0,"comment_status":"closed","ping_status":"closed","template":"","meta":{"footnotes":""},"class_list":["post-995","page","type-page","status-publish","hentry"],"_links":{"self":[{"href":"http:\/\/zswielen.com.pl\/index.php\/wp-json\/wp\/v2\/pages\/995","targetHints":{"allow":["GET"]}}],"collection":[{"href":"http:\/\/zswielen.com.pl\/index.php\/wp-json\/wp\/v2\/pages"}],"about":[{"href":"http:\/\/zswielen.com.pl\/index.php\/wp-json\/wp\/v2\/types\/page"}],"author":[{"embeddable":true,"href":"http:\/\/zswielen.com.pl\/index.php\/wp-json\/wp\/v2\/users\/1"}],"replies":[{"embeddable":true,"href":"http:\/\/zswielen.com.pl\/index.php\/wp-json\/wp\/v2\/comments?post=995"}],"version-history":[{"count":4,"href":"http:\/\/zswielen.com.pl\/index.php\/wp-json\/wp\/v2\/pages\/995\/revisions"}],"predecessor-version":[{"id":1089,"href":"http:\/\/zswielen.com.pl\/index.php\/wp-json\/wp\/v2\/pages\/995\/revisions\/1089"}],"wp:attachment":[{"href":"http:\/\/zswielen.com.pl\/index.php\/wp-json\/wp\/v2\/media?parent=995"}],"curies":[{"name":"wp","href":"https:\/\/api.w.org\/{rel}","templated":true}]}}