{"id":628,"date":"2017-09-29T09:02:49","date_gmt":"2017-09-29T07:02:49","guid":{"rendered":"http:\/\/zswielen.com.pl\/?page_id=628"},"modified":"2023-10-27T10:35:51","modified_gmt":"2023-10-27T08:35:51","slug":"samorzad","status":"publish","type":"page","link":"http:\/\/zswielen.com.pl\/index.php\/samorzad\/","title":{"rendered":"Samorz\u0105d uczniowski"},"content":{"rendered":"<p>Samorz\u0105d Uczniowski Zespo\u0142u Szk\u00f3\u0142 w Wieleniu jest organem przedstawicielskim spo\u0142eczno\u015bci uczniowskiej. Przy wsp\u00f3\u0142pracy z Dyrektorem, Rad\u0105 Pedagogiczn\u0105, Rad\u0105 Rodzic\u00f3w SU realizuje nast\u0119puj\u0105ce zadania:<br \/>&#8211; reprezentuje interesy wszystkich uczni\u00f3w,<\/p>\n<p>&#8211; promuje i rozwija w\u015br\u00f3d uczni\u00f3w samorz\u0105dno\u015b\u0107 na rzecz podejmowania wsp\u00f3lnych decyzji w sprawach szko\u0142y,<\/p>\n<p>&#8211; zwi\u0119ksza aktywno\u015b\u0107, rozwija zainteresowania i realizuje w\u0142asne pomys\u0142y dla wsp\u00f3lnego dobra,<\/p>\n<p>&#8211; promuje wiedz\u0119 na temat praw uczni\u00f3w i czuwa nad ich przestrzeganiem<\/p>\n<p>&#8211; zach\u0119ca uczni\u00f3w do r\u00f3\u017cnorodnej dzia\u0142alno\u015bci,<\/p>\n<p>&#8211; ustala i zatwierdza plan pracy na dany rok oraz czuwa nad terminowo\u015bci\u0105 realizacji,<\/p>\n<p>&#8211; wsp\u00f3\u0142tworzy regulaminy, przepisy, proponuje i podejmuje uchwa\u0142y,<\/p>\n<p>&#8211; przedstawia wnioski i opinie Dyrektorowi szko\u0142y oraz Radzie Pedagogicznej w sprawach dotycz\u0105cych praw uczni\u00f3w,<\/p>\n<p>&#8211; przygotowuje imprezy kulturalne, o\u015bwiatowe, rozrywkowe, sportowe, konkursy, wycieczki, prace na rzecz szko\u0142y i najbli\u017cszego otoczenia, zgodnie z w\u0142asnymi potrzebami i mo\u017cliwo\u015bciami organizacyjnymi w porozumieniu z Dyrektorem szko\u0142y,<\/p>\n<p>&#8211; pomaga w organizowaniu imprez przeprowadzanych na terenie szko\u0142y zgodnie z kalendarzem imprez.<\/p>\n<hr \/>\n<p><strong>Sk\u0142ad Samorz\u0105du Uczniowskiego:<\/strong><br \/>Wojciech Kowaluk &#8211; przewodnicz\u0105cy<br \/>Natalia Rychlik, Kacper Stochaj- zast\u0119pca<br \/>Marta Geba &#8211; skarbnik<\/p>\n<p><strong>Opiekun SU:<\/strong>\u00a0mgr Agnieszka Chabzda<\/p>\n<p>\u00a0<\/p>\n\n","protected":false},"excerpt":{"rendered":"<p>Samorz\u0105d Uczniowski Zespo\u0142u Szk\u00f3\u0142 w Wieleniu jest organem przedstawicielskim spo\u0142eczno\u015bci uczniowskiej. Przy wsp\u00f3\u0142pracy z Dyrektorem, Rad\u0105 Pedagogiczn\u0105, Rad\u0105 Rodzic\u00f3w SU realizuje nast\u0119puj\u0105ce zadania:&#8211; reprezentuje interesy wszystkich uczni\u00f3w, &#8211; promuje i rozwija w\u015br\u00f3d uczni\u00f3w samorz\u0105dno\u015b\u0107 na rzecz podejmowania wsp\u00f3lnych decyzji w <a href=\"http:\/\/zswielen.com.pl\/index.php\/samorzad\/\" class=\"read-more\">Read More &#8230;<\/a><\/p>\n","protected":false},"author":1,"featured_media":0,"parent":0,"menu_order":0,"comment_status":"closed","ping_status":"closed","template":"","meta":{"footnotes":""},"class_list":["post-628","page","type-page","status-publish","hentry"],"_links":{"self":[{"href":"http:\/\/zswielen.com.pl\/index.php\/wp-json\/wp\/v2\/pages\/628","targetHints":{"allow":["GET"]}}],"collection":[{"href":"http:\/\/zswielen.com.pl\/index.php\/wp-json\/wp\/v2\/pages"}],"about":[{"href":"http:\/\/zswielen.com.pl\/index.php\/wp-json\/wp\/v2\/types\/page"}],"author":[{"embeddable":true,"href":"http:\/\/zswielen.com.pl\/index.php\/wp-json\/wp\/v2\/users\/1"}],"replies":[{"embeddable":true,"href":"http:\/\/zswielen.com.pl\/index.php\/wp-json\/wp\/v2\/comments?post=628"}],"version-history":[{"count":20,"href":"http:\/\/zswielen.com.pl\/index.php\/wp-json\/wp\/v2\/pages\/628\/revisions"}],"predecessor-version":[{"id":2637,"href":"http:\/\/zswielen.com.pl\/index.php\/wp-json\/wp\/v2\/pages\/628\/revisions\/2637"}],"wp:attachment":[{"href":"http:\/\/zswielen.com.pl\/index.php\/wp-json\/wp\/v2\/media?parent=628"}],"curies":[{"name":"wp","href":"https:\/\/api.w.org\/{rel}","templated":true}]}}