{"id":534,"date":"2017-09-21T09:30:10","date_gmt":"2017-09-21T07:30:10","guid":{"rendered":"http:\/\/zswielen.com.pl\/?page_id=534"},"modified":"2017-09-21T09:32:19","modified_gmt":"2017-09-21T07:32:19","slug":"edugate","status":"publish","type":"page","link":"http:\/\/zswielen.com.pl\/index.php\/edugate\/","title":{"rendered":"Edugate"},"content":{"rendered":"<div class=\"container-fluid page_header_style page_header_style_\">\n<div class=\"row modulesTitle\">\n<div class=\"col-xs-12 text-center\">\n<h3 id=\"section-584065891a47a-title\" style=\"text-align: center;\">Wiele\u0144ska Ku\u017ania Kadr &#8211; Poprawa warunk\u00f3w kszta\u0142cenia zawodowego uczni\u00f3w Technikum w Wieleniu<\/h3>\n<hr class=\"small\" \/>\n<\/div>\n<\/div>\n<\/div>\n<div class=\"container\">\n<div class=\"row\">\n<div class=\"col-lg-2 col-md-2 col-sm-2\"><img decoding=\"async\" class=\"img-responsive\" src=\"https:\/\/cdn-cms.f-static.com\/uploads\/143595\/800_5840867d0c5b0.jpg\" alt=\"Wiele\u0144ska Ku\u017ania Kadr - Poprawa warunk\u00f3w kszta\u0142cenia zawodowego uczni\u00f3w Technikum w Wieleniu\" \/><\/div>\n<div class=\"col-lg-10 col-md-10 col-sm-10\">\n<div class=\"responsive-handler breakable\">\n<p>Celem projektu jest wzrost zdolno\u015bci zatrudnieniowych uczni\u00f3w i uczennic Technikum w Wieleniu poprzez doposa\u017cenie pracowni, sta\u017ce u pracodawc\u00f3w, doradztwo zawodowe, rozw\u00f3j SzOK oraz szkolenie nauczycieli. Realizacja celu zapewni upraktycznienie kszta\u0142cenia oraz rozw\u00f3j systemu doradztwa edukacyjno-zawodowego. Cel ten osi\u0105gni\u0119ty zostanie dzi\u0119ki:<\/p>\n<ul>\n<li>wsp\u00f3\u0142pracy z du\u017cymi pracodawcami z lokalnego rynku pracy w organizacji sta\u017cy dla najlepszych uczni\u00f3w z logistyki i informatyki,<\/li>\n<li>doposa\u017ceniu pracowni umo\u017cliwiaj\u0105cych kszta\u0142cenie w tych zawodach w sprz\u0119t umo\u017cliwiaj\u0105cy kszta\u0142cenie w warunkach zbli\u017conych do rzeczywistego \u015brodowiska pracy zawodowej,<\/li>\n<li>zwi\u0119kszeniu dost\u0119pu do doradztwa poprzez podniesienie kompetencji kadry szkolnej oraz wyposa\u017cenie ich w dodatkowe narz\u0119dzia pracy.<\/li>\n<\/ul>\n<p>Wsparciem obj\u0119te jest Technikum w Wieleniu wchodz\u0105ce w sk\u0142ad Zespo\u0142u Szk\u00f3\u0142 w Wieleniu.<\/p>\n<p>W ramach projektu realizujemy dwa zadania:<\/p>\n<ol>\n<li>Rozw\u00f3j us\u0142ug edukacyjnych poprzez nowe formy kszta\u0142cenia zawodowego oraz zapewnienie wyposa\u017cenia umo\u017cliwiaj\u0105cego realizacj\u0119 podstawy programowej kszta\u0142cenia w zawodach w warunkach zbli\u017conych do rzeczywistego \u015brodowiska pracy.<\/li>\n<li>Rozw\u00f3j us\u0142ug doradztwa edukacyjno-zawodowego dla m\u0142odzie\u017cy poprzez wdro\u017cenie internetowego systemu wspomagaj\u0105cego dzia\u0142anie Szkolnego O\u015brodka Kariery oraz podniesienie kwalifikacji kadry szkolnej.<\/li>\n<\/ol>\n<p>Przedsi\u0119wzi\u0119cie realizowane jest w okresie od 1 sierpnia 2016 roku do ko\u0144ca wrze\u015bnia 2018 roku. Wkr\u00f3tce wi\u0119cej informacji.<\/p>\n<\/div>\n<\/div>\n<\/div>\n<\/div>\n","protected":false},"excerpt":{"rendered":"<p>Wiele\u0144ska Ku\u017ania Kadr &#8211; Poprawa warunk\u00f3w kszta\u0142cenia zawodowego uczni\u00f3w Technikum w Wieleniu Celem projektu jest wzrost zdolno\u015bci zatrudnieniowych uczni\u00f3w i uczennic Technikum w Wieleniu poprzez doposa\u017cenie pracowni, sta\u017ce u pracodawc\u00f3w, doradztwo zawodowe, rozw\u00f3j SzOK oraz szkolenie nauczycieli. Realizacja celu zapewni <a href=\"http:\/\/zswielen.com.pl\/index.php\/edugate\/\" class=\"read-more\">Read More &#8230;<\/a><\/p>\n","protected":false},"author":1,"featured_media":0,"parent":0,"menu_order":0,"comment_status":"closed","ping_status":"closed","template":"","meta":{"footnotes":""},"class_list":["post-534","page","type-page","status-publish","hentry"],"_links":{"self":[{"href":"http:\/\/zswielen.com.pl\/index.php\/wp-json\/wp\/v2\/pages\/534","targetHints":{"allow":["GET"]}}],"collection":[{"href":"http:\/\/zswielen.com.pl\/index.php\/wp-json\/wp\/v2\/pages"}],"about":[{"href":"http:\/\/zswielen.com.pl\/index.php\/wp-json\/wp\/v2\/types\/page"}],"author":[{"embeddable":true,"href":"http:\/\/zswielen.com.pl\/index.php\/wp-json\/wp\/v2\/users\/1"}],"replies":[{"embeddable":true,"href":"http:\/\/zswielen.com.pl\/index.php\/wp-json\/wp\/v2\/comments?post=534"}],"version-history":[{"count":3,"href":"http:\/\/zswielen.com.pl\/index.php\/wp-json\/wp\/v2\/pages\/534\/revisions"}],"predecessor-version":[{"id":538,"href":"http:\/\/zswielen.com.pl\/index.php\/wp-json\/wp\/v2\/pages\/534\/revisions\/538"}],"wp:attachment":[{"href":"http:\/\/zswielen.com.pl\/index.php\/wp-json\/wp\/v2\/media?parent=534"}],"curies":[{"name":"wp","href":"https:\/\/api.w.org\/{rel}","templated":true}]}}