{"id":527,"date":"2017-09-21T09:23:49","date_gmt":"2017-09-21T07:23:49","guid":{"rendered":"http:\/\/zswielen.com.pl\/?page_id=527"},"modified":"2017-09-21T09:26:32","modified_gmt":"2017-09-21T07:26:32","slug":"cisco","status":"publish","type":"page","link":"http:\/\/zswielen.com.pl\/index.php\/cisco\/","title":{"rendered":"Cisco"},"content":{"rendered":"<p>Certyfikat Cisco IT Essentials to mi\u0119dzynarodowy dokument potwierdzaj\u0105cy umiej\u0119tno\u015bci zawodowe. Certyfikat honorowany jest na ca\u0142ym \u015bwiecie, potwierdza wysoki poziom wiedzy oraz znajomo\u015b\u0107 rozwi\u0105za\u0144 technologicznych firmy Cisco Systems. Certyfikat IT Essentials zapewnia:<\/p>\n<ul>\n<li>Podwy\u017cszenie poziomu umiej\u0119tno\u015bci z zakresu budowy i obs\u0142ugi komputera,<\/li>\n<li>Posiadanie kwalifikacji uznawanych na \u015bwiecie,<\/li>\n<li>Popraw\u0119 zawodowych perspektyw i mobilno\u015bci,<\/li>\n<li>Dost\u0119p do materia\u0142\u00f3w i program\u00f3w, m.in.:\n<ul>\n<li>CISCO VIRTUAL DESKTOP &#8211; Symulator komputera stacjonarnego;<\/li>\n<li>CISCO VIRTUAL LAPTOP &#8211; Symulator komputera mobilnego;<\/li>\n<li>CISCO PACKET TRACER &#8211; Zaawansowane narz\u0119dzie do budowy i symulacji sieci komputerowych.<\/li>\n<\/ul>\n<\/li>\n<\/ul>\n<p>Program Cisco Networking Academy realizuje w praktyce has\u0142o nauczania e-learning. Centralny serwer edukacyjny CNAMS (<a href=\"http:\/\/cisco.netacad.net\/\">http:\/\/cisco.netacad.net<\/a>) udost\u0119pnia akademiom pe\u0142ny zestaw materia\u0142\u00f3w dydaktycznych oraz narz\u0119dzi do zarz\u0105dzania wszystkimi aspektami programu. Dodatkowo CNAMS umo\u017cliwia bie\u017c\u0105ce testowanie nabytej przez uczni\u00f3w wiedzy, \u015bledzenie post\u0119p\u00f3w nauczania oraz utrzymywanie odpowiedniej jako\u015bci kszta\u0142cenia.<\/p>\n","protected":false},"excerpt":{"rendered":"<p>Certyfikat Cisco IT Essentials to mi\u0119dzynarodowy dokument potwierdzaj\u0105cy umiej\u0119tno\u015bci zawodowe. Certyfikat honorowany jest na ca\u0142ym \u015bwiecie, potwierdza wysoki poziom wiedzy oraz znajomo\u015b\u0107 rozwi\u0105za\u0144 technologicznych firmy Cisco Systems. Certyfikat IT Essentials zapewnia: Podwy\u017cszenie poziomu umiej\u0119tno\u015bci z zakresu budowy i obs\u0142ugi komputera, <a href=\"http:\/\/zswielen.com.pl\/index.php\/cisco\/\" class=\"read-more\">Read More &#8230;<\/a><\/p>\n","protected":false},"author":1,"featured_media":0,"parent":0,"menu_order":0,"comment_status":"closed","ping_status":"closed","template":"","meta":{"footnotes":""},"class_list":["post-527","page","type-page","status-publish","hentry"],"_links":{"self":[{"href":"http:\/\/zswielen.com.pl\/index.php\/wp-json\/wp\/v2\/pages\/527","targetHints":{"allow":["GET"]}}],"collection":[{"href":"http:\/\/zswielen.com.pl\/index.php\/wp-json\/wp\/v2\/pages"}],"about":[{"href":"http:\/\/zswielen.com.pl\/index.php\/wp-json\/wp\/v2\/types\/page"}],"author":[{"embeddable":true,"href":"http:\/\/zswielen.com.pl\/index.php\/wp-json\/wp\/v2\/users\/1"}],"replies":[{"embeddable":true,"href":"http:\/\/zswielen.com.pl\/index.php\/wp-json\/wp\/v2\/comments?post=527"}],"version-history":[{"count":2,"href":"http:\/\/zswielen.com.pl\/index.php\/wp-json\/wp\/v2\/pages\/527\/revisions"}],"predecessor-version":[{"id":529,"href":"http:\/\/zswielen.com.pl\/index.php\/wp-json\/wp\/v2\/pages\/527\/revisions\/529"}],"wp:attachment":[{"href":"http:\/\/zswielen.com.pl\/index.php\/wp-json\/wp\/v2\/media?parent=527"}],"curies":[{"name":"wp","href":"https:\/\/api.w.org\/{rel}","templated":true}]}}