{"id":2015,"date":"2021-02-26T11:34:54","date_gmt":"2021-02-26T10:34:54","guid":{"rendered":"http:\/\/zswielen.com.pl\/?page_id=2015"},"modified":"2021-02-26T11:40:09","modified_gmt":"2021-02-26T10:40:09","slug":"deklaracja","status":"publish","type":"page","link":"http:\/\/zswielen.com.pl\/index.php\/deklaracja\/","title":{"rendered":"Deklaracja dost\u0119pno\u015bci"},"content":{"rendered":"<p>Zesp\u00f3\u0142 Szk\u00f3\u0142 w Wieleniu zobowi\u0105zuje si\u0119 zapewni\u0107 dost\u0119pno\u015b\u0107 swojej strony internetowej zgodnie z ustaw\u0105 z dnia 4 kwietnia 2019 r. o dost\u0119pno\u015bci cyfrowej stron internetowych i aplikacji mobilnych podmiot\u00f3w publicznych. O\u015bwiadczenie w sprawie dost\u0119pno\u015bci ma zastosowanie do promocyjnej strony internetowej Zespo\u0142u Szk\u00f3\u0142 w Wieleniu.<\/p>\n<p>Data publikacji strony internetowej:\u00a025.092017 rok.<\/p>\n<p>Data ostatniej istotnej aktualizacji: 26.02.2021 rok.<\/p>\n<p>Strona internetowa jest\u00a0<strong>cz\u0119\u015bciowo<\/strong>\u00a0zgodna z ustaw\u0105 z dnia 4 kwietnia 2019 r.\u00a0o dost\u0119pno\u015bci cyfrowej stron internetowych i aplikacji mobilnych podmiot\u00f3w publicznych z powodu niezgodno\u015bci lub wy\u0142\u0105czenia wymienionych poni\u017cej:<\/p>\n<p>\u25aa filmy nie posiadaj\u0105 napis\u00f3w dla os\u00f3b nies\u0142ysz\u0105cych,<\/p>\n<p>\u25aa cz\u0119\u015b\u0107 plik\u00f3w nie jest dost\u0119pnych cyfrowo.<\/p>\n<p>Wy\u0142\u0105czenia:<\/p>\n<p>\u25aa mapy s\u0105 wy\u0142\u0105czone z obowi\u0105zku zapewnienia dost\u0119pno\u015bci,<\/p>\n<p>\u25aa filmy zosta\u0142y opublikowane przed wej\u015bciem w \u017cycie ustawy o dost\u0119pno\u015bci cyfrowej,<\/p>\n<p>\u25aa multimedia nadawane na \u017cywo,<\/p>\n<p>\u25aa tre\u015bci od innych podmiot\u00f3w.<\/p>\n<p>Strona posiada nast\u0119puj\u0105ce u\u0142atwienia dla os\u00f3b z niepe\u0142nosprawno\u015bciami:<\/p>\n<p>\u25aa mo\u017cliwo\u015b\u0107 zmiany rozmiaru tekstu,<\/p>\n<p>\u25aa wyr\u00f3\u017cnienie odno\u015bnik\u00f3w.<\/p>\n<p>Na stronie internetowej mo\u017cna korzysta\u0107 ze standardowych skr\u00f3t\u00f3w klawiaturowych.<\/p>\n<p>O\u015bwiadczenie sporz\u0105dzono dnia:\u00a02021-02-25<\/p>\n<p>Deklaracj\u0119 sporz\u0105dzono na podstawie samooceny przeprowadzonej przez podmiot publiczny.<\/p>\n<p>&nbsp;<\/p>\n<p><strong><u>Informacje zwrotne i dane kontaktowe<\/u><\/strong><\/p>\n<p>W przypadku problem\u00f3w z dost\u0119pno\u015bci\u0105 strony internetowej prosimy o kontakt. Osob\u0105 kontaktow\u0105 jest Pan Piotr Paw\u0142owski adres mailowy:\u00a0zswielen@zswielen.com.pl<\/p>\n<p>Kontaktowa\u0107 mo\u017cna si\u0119 tak\u017ce dzwoni\u0105c na numer telefonu\u00a0672561711<\/p>\n<p>T\u0105 sam\u0105 drog\u0105 mo\u017cna sk\u0142ada\u0107 wnioski o udost\u0119pnienie informacji niedost\u0119pnej oraz sk\u0142ada\u0107 \u017c\u0105dania zapewnienia dost\u0119pno\u015bci.<\/p>\n<p>Ka\u017cdy ma prawo do wyst\u0105pienia z \u017c\u0105daniem zapewnienia dost\u0119pno\u015bci cyfrowej strony internetowej, aplikacji mobilnej lub jakiego\u015b ich elementu. Mo\u017cna tak\u017ce za\u017c\u0105da\u0107 udost\u0119pnienia informacji za pomoc\u0105 alternatywnego sposobu dost\u0119pu, na przyk\u0142ad przez odczytanie niedost\u0119pnego cyfrowo dokumentu, opisanie zawarto\u015bci filmu bez audiodeskrypcji itp.<\/p>\n<p>\u017b\u0105danie powinno zawiera\u0107 dane osoby zg\u0142aszaj\u0105cej \u017c\u0105danie, wskazanie, o kt\u00f3r\u0105 stron\u0119 internetow\u0105 lub aplikacj\u0119 mobiln\u0105 chodzi oraz spos\u00f3b kontaktu. Je\u017celi osoba \u017c\u0105daj\u0105ca zg\u0142asza potrzeb\u0119 otrzymania informacji za pomoc\u0105 alternatywnego sposobu dost\u0119pu, powinna tak\u017ce okre\u015bli\u0107 dogodny dla niej spos\u00f3b przedstawienia tej informacji.<\/p>\n<p>Podmiot publiczny powinien zrealizowa\u0107 \u017c\u0105danie niezw\u0142ocznie, nie p\u00f3\u017aniej ni\u017c w ci\u0105gu 7 dni od dnia wyst\u0105pienia z \u017c\u0105daniem. Je\u017celi dotrzymanie tego terminu nie jest mo\u017cliwe, podmiot publiczny niezw\u0142ocznie informuje o tym wnosz\u0105cego \u017c\u0105danie, kiedy realizacja \u017c\u0105dania b\u0119dzie mo\u017cliwa, przy czym termin ten nie mo\u017ce by\u0107 d\u0142u\u017cszy ni\u017c 2 miesi\u0105ce od dnia wyst\u0105pienia z \u017c\u0105daniem.<\/p>\n<p>Je\u017celi zapewnienie dost\u0119pno\u015bci cyfrowej nie jest mo\u017cliwe, podmiot publiczny mo\u017ce zaproponowa\u0107 alternatywny spos\u00f3b dost\u0119pu do informacji.<\/p>\n<p>W przypadku, gdy podmiot publiczny odm\u00f3wi realizacji \u017c\u0105dania zapewnienia dost\u0119pno\u015bci lub alternatywnego sposobu dost\u0119pu do informacji, wnosz\u0105cy \u017c\u0105danie mo\u017cne z\u0142o\u017cy\u0107 skarg\u0119 w sprawie zapewniana dost\u0119pno\u015bci cyfrowej strony internetowej, aplikacji mobilnej lub elementu strony internetowej, lub aplikacji mobilnej. Po wyczerpaniu wskazanej wy\u017cej procedury mo\u017cna tak\u017ce z\u0142o\u017cy\u0107 wniosek do Rzecznika Praw Obywatelskich.<\/p>\n<p>Link do strony internetowej\u00a0<a href=\"https:\/\/www.rpo.gov.pl\/\">Rzecznika Praw Obywatelskich<\/a>.<\/p>\n<p><a href=\"https:\/\/www.rpo.gov.pl\/content\/jak-zglosic-sie-do-rzecznika-praw-obywatelskich\">https:\/\/www.rpo.gov.pl\/content\/jak-zglosic-sie-do-rzecznika-praw-obywatelskich<\/a><\/p>\n<p>&nbsp;<\/p>\n<p><strong><u>Dost\u0119pno\u015b\u0107 architektoniczna<\/u><\/strong><\/p>\n<p><strong>\u00a0<\/strong><strong>Siedziba przy ul. Drawska 1<\/strong><\/p>\n<p><strong>Dojazd<\/strong><\/p>\n<p>Do siedziby Zespo\u0142u Szk\u00f3\u0142 w Wieleniu przy ul. Drawskiej 1 mo\u017cna dojecha\u0107 liniami autobusowymi PKS . Odleg\u0142o\u015b\u0107 od najbli\u017cszego przystanku autobusowego wynosi oko\u0142o 200 metr\u00f3w.<\/p>\n<p><strong>Opis og\u00f3lny budynku przy ul. Drawskiej 1<\/strong><\/p>\n<p>Teren szko\u0142y jest ogrodzony. Budynek stanowi bry\u0142\u0119 sk\u0142adaj\u0105c\u0105 si\u0119 z 2 blok\u00f3w A, B. W bloku A znajduj\u0105 si\u0119 sale lekcyjne, gabinet dyrektora, pedagoga , sekretariat, gabinet higienistki. Do bloku A prowadz\u0105 schody.\u00a0 W bloku B znajduj\u0105 si\u0119 sale lekcyjne i wej\u015bcie dostosowane jest dla os\u00f3b niepe\u0142nosprawnych. Wej\u015bcie do budynku dla interesant\u00f3w znajduje si\u0119 od dziedzi\u0144ca szko\u0142y, przy ul. Drawskiej 1. Wjazd do szko\u0142y od ul. Jary\u0144skiej. <em>W budynkach A i B nie ma windy. Dla os\u00f3b na w\u00f3zkach dost\u0119pne s\u0105 korytarze i pomieszczenia tylko na parterze w budynku B. Toaleta dla os\u00f3b niepe\u0142nosprawnych znajduje si\u0119 na parterze w budynku\u00a0 A i B. Do budynku i wszystkich jego pomieszcze\u0144 mo\u017cna wej\u015b\u0107 z psem asystuj\u0105cym i psem przewodnikiem. W budynku nie ma oznacze\u0144 w alfabecie brajla ani oznacze\u0144 kontrastowych lub w druku powi\u0119kszonym dla os\u00f3b niewidomych i s\u0142abowidz\u0105cych.<\/em><\/p>\n","protected":false},"excerpt":{"rendered":"<p>Zesp\u00f3\u0142 Szk\u00f3\u0142 w Wieleniu zobowi\u0105zuje si\u0119 zapewni\u0107 dost\u0119pno\u015b\u0107 swojej strony internetowej zgodnie z ustaw\u0105 z dnia 4 kwietnia 2019 r. o dost\u0119pno\u015bci cyfrowej stron internetowych i aplikacji mobilnych podmiot\u00f3w publicznych. O\u015bwiadczenie w sprawie dost\u0119pno\u015bci ma zastosowanie do promocyjnej strony internetowej <a href=\"http:\/\/zswielen.com.pl\/index.php\/deklaracja\/\" class=\"read-more\">Read More &#8230;<\/a><\/p>\n","protected":false},"author":1,"featured_media":0,"parent":0,"menu_order":0,"comment_status":"closed","ping_status":"closed","template":"","meta":{"footnotes":""},"class_list":["post-2015","page","type-page","status-publish","hentry"],"_links":{"self":[{"href":"http:\/\/zswielen.com.pl\/index.php\/wp-json\/wp\/v2\/pages\/2015","targetHints":{"allow":["GET"]}}],"collection":[{"href":"http:\/\/zswielen.com.pl\/index.php\/wp-json\/wp\/v2\/pages"}],"about":[{"href":"http:\/\/zswielen.com.pl\/index.php\/wp-json\/wp\/v2\/types\/page"}],"author":[{"embeddable":true,"href":"http:\/\/zswielen.com.pl\/index.php\/wp-json\/wp\/v2\/users\/1"}],"replies":[{"embeddable":true,"href":"http:\/\/zswielen.com.pl\/index.php\/wp-json\/wp\/v2\/comments?post=2015"}],"version-history":[{"count":3,"href":"http:\/\/zswielen.com.pl\/index.php\/wp-json\/wp\/v2\/pages\/2015\/revisions"}],"predecessor-version":[{"id":2020,"href":"http:\/\/zswielen.com.pl\/index.php\/wp-json\/wp\/v2\/pages\/2015\/revisions\/2020"}],"wp:attachment":[{"href":"http:\/\/zswielen.com.pl\/index.php\/wp-json\/wp\/v2\/media?parent=2015"}],"curies":[{"name":"wp","href":"https:\/\/api.w.org\/{rel}","templated":true}]}}