{"id":1006,"date":"2018-01-10T12:26:31","date_gmt":"2018-01-10T11:26:31","guid":{"rendered":"http:\/\/zswielen.com.pl\/?page_id=1006"},"modified":"2018-01-10T12:26:31","modified_gmt":"2018-01-10T11:26:31","slug":"etwinning","status":"publish","type":"page","link":"http:\/\/zswielen.com.pl\/index.php\/etwinning\/","title":{"rendered":"eTwinning"},"content":{"rendered":"<p><strong>eTwinning<\/strong><\/p>\n<p>Przygod\u0119 z platform\u0105 eTwinning ZS Wiele\u0144 rozpocz\u0105\u0142 w roku szkolnym 2011\/2012 projektem <em>Z eTwinningiem przez ca\u0142y rok<\/em>. Dzia\u0142ania na\u00a0 eTwinning od samego pocz\u0105tku zdoby\u0142y sympati\u0119 uczni\u00f3w. Mogli prowadzi\u0107 konwersacje, wideokonferencje, anga\u017cowa\u0107 si\u0119 w r\u00f3\u017cnorodne przedsi\u0119wzi\u0119cia. Naszymi partnerami przez te lata by\u0142y szko\u0142y m.in.: z Niemiec, Litwy, Turcji, Grecji, Francji, Chorwacji, W\u0142och oraz S\u0142owacji. Projekt ze S\u0142owacj\u0105: <em>Wir &#8211; Jugendliche des XXI. Jahrhunderts, <\/em>w latach 2012\/2013<em>, <\/em>zapad\u0142 nam szczeg\u00f3lnie w pami\u0119ci. Finalnym zako\u0144czeniem naszej ca\u0142orocznej wsp\u00f3\u0142pracy by\u0142a wymiana m\u0142odzie\u017cowa. Nasi uczniowie mieli okazj\u0119 skorzysta\u0107 z go\u015bcinno\u015bci rodzin uczni\u00f3w ze S\u0142owacji.<\/p>\n<p>W latach szkolnych 2017 \u2013 2019 nieodzownym elementem projektu Erasmus + <em>Spielend neues lernen<\/em> jest platforma eTwinning. Realizuj\u0105c akcj\u0119 KA2, uczniowie korzystaj\u0105 z Twin Space. Tutaj maj\u0105 mo\u017cliwo\u015b\u0107 pozna\u0107 si\u0119 nawzajem, prowadzi\u0107 konwersacje oraz rozwi\u0105zywa\u0107 tematyczne zadania j\u0119zykowe, kt\u00f3rych s\u0142ownictwo wykorzystaj\u0105 w konkursie mi\u0119dzynarodowym np. na Quizizz.<\/p>\n","protected":false},"excerpt":{"rendered":"<p>eTwinning Przygod\u0119 z platform\u0105 eTwinning ZS Wiele\u0144 rozpocz\u0105\u0142 w roku szkolnym 2011\/2012 projektem Z eTwinningiem przez ca\u0142y rok. Dzia\u0142ania na\u00a0 eTwinning od samego pocz\u0105tku zdoby\u0142y sympati\u0119 uczni\u00f3w. Mogli prowadzi\u0107 konwersacje, wideokonferencje, anga\u017cowa\u0107 si\u0119 w r\u00f3\u017cnorodne przedsi\u0119wzi\u0119cia. Naszymi partnerami przez te <a href=\"http:\/\/zswielen.com.pl\/index.php\/etwinning\/\" class=\"read-more\">Read More &#8230;<\/a><\/p>\n","protected":false},"author":1,"featured_media":0,"parent":0,"menu_order":0,"comment_status":"closed","ping_status":"closed","template":"","meta":{"footnotes":""},"class_list":["post-1006","page","type-page","status-publish","hentry"],"_links":{"self":[{"href":"http:\/\/zswielen.com.pl\/index.php\/wp-json\/wp\/v2\/pages\/1006","targetHints":{"allow":["GET"]}}],"collection":[{"href":"http:\/\/zswielen.com.pl\/index.php\/wp-json\/wp\/v2\/pages"}],"about":[{"href":"http:\/\/zswielen.com.pl\/index.php\/wp-json\/wp\/v2\/types\/page"}],"author":[{"embeddable":true,"href":"http:\/\/zswielen.com.pl\/index.php\/wp-json\/wp\/v2\/users\/1"}],"replies":[{"embeddable":true,"href":"http:\/\/zswielen.com.pl\/index.php\/wp-json\/wp\/v2\/comments?post=1006"}],"version-history":[{"count":1,"href":"http:\/\/zswielen.com.pl\/index.php\/wp-json\/wp\/v2\/pages\/1006\/revisions"}],"predecessor-version":[{"id":1007,"href":"http:\/\/zswielen.com.pl\/index.php\/wp-json\/wp\/v2\/pages\/1006\/revisions\/1007"}],"wp:attachment":[{"href":"http:\/\/zswielen.com.pl\/index.php\/wp-json\/wp\/v2\/media?parent=1006"}],"curies":[{"name":"wp","href":"https:\/\/api.w.org\/{rel}","templated":true}]}}